{"id":190,"date":"2019-03-17T17:30:19","date_gmt":"2019-03-17T17:30:19","guid":{"rendered":"http:\/\/mietwaesche-schott.de\/?page_id=190"},"modified":"2019-03-17T17:40:03","modified_gmt":"2019-03-17T17:40:03","slug":"impressum","status":"publish","type":"page","link":"https:\/\/w\u00e4scherei-schott.de\/?page_id=190","title":{"rendered":"Impressum"},"content":{"rendered":"\n<p> Angaben gem\u00e4\u00df \u00a7 5 TMG <\/p>\n\n\n\n<p><\/p>\n\n\n\n<p>W\u00e4scherei Schott<\/p>\n\n\n\n<p>Inh. Renate Galm<\/p>\n\n\n\n<p>Raiffeisenring 23<\/p>\n\n\n\n<p>63931 Kirchzell<\/p>\n\n\n\n<p>Telefon: 09373 579<\/p>\n\n\n\n<p>E-Mail: info@waescherei-schott.de<\/p>\n\n\n\n<p>Webmaster:<\/p>\n\n\n\n<p>Stefan Galm<\/p>\n\n\n\n<p>Raiffeisenring 23<\/p>\n\n\n\n<p>63931 Kirchzell<br><\/p>\n\n\n\n<table class=\"wp-block-table\"><tbody><tr><td><strong>Disclaimer<\/strong><br><br>Inhalt  und Werke dieser Website sind urheberrechtlich gesch\u00fctzt. Trotz  h\u00f6chster Sorgfalt kann nicht f\u00fcr die Richtigkeit der wiedergegebenen  Informationen oder die permanente technische Erreichbarkeit garantiert  werden. Es wird keine Haftung f\u00fcr den Inhalt von extern verlinkten  Websites \u00fcbernommen. Auf deren Inhalte haben wir keinen Einfluss und  distanzieren uns ausdr\u00fccklich. Sollten Sie dennoch etwas an unseren  Seiten zu beanstanden haben, bitten wir um einen einfachen  entsprechenden Hinweis, damit wir die Inhalte schnellstm\u00f6glich entfernen  k\u00f6nnen.Quelle: <a href=\"https:\/\/www.anwalt.de\/vorlage\/disclaimer-haftungsausschluss.php\">Disclaimer von anwalt.de<\/a><\/td><\/tr><\/tbody><\/table>\n\n\n\n<table class=\"wp-block-table\"><tbody><tr><td><strong>Allgemeine Datenschutzerkl\u00e4rung<\/strong><br><br>Durch  die Nutzung unserer Website erkl\u00e4ren Sie sich mit der Erhebung,  Verarbeitung und Nutzung von Daten gem\u00e4\u00df der nachfolgenden Beschreibung  einverstanden. Unsere Website kann grunds\u00e4tzlich ohne Registrierung  besucht werden. Dabei werden Daten wie beispielsweise aufgerufene Seiten  bzw. Namen der abgerufenen Datei, Datum und Uhrzeit zu statistischen  Zwecken auf dem Server gespeichert, ohne dass diese Daten unmittelbar  auf Ihre Person bezogen werden. Personenbezogene Daten, insbesondere  Name, Adresse oder E-Mail-Adresse werden soweit m\u00f6glich auf freiwilliger  Basis erhoben. Ohne Ihre Einwilligung erfolgt keine Weitergabe der  Daten an Dritte.<br><br><strong>Datenschutzerkl\u00e4rung f\u00fcr Cookies<\/strong><br>Unsere  Website verwendet Cookies. Das sind kleine Textdateien, die es m\u00f6glich  machen, auf dem Endger\u00e4t des Nutzers spezifische, auf den Nutzer  bezogene Informationen zu speichern, w\u00e4hrend er die Website nutzt.  Cookies erm\u00f6glichen es, insbesondere Nutzungsh\u00e4ufigkeit und Nutzeranzahl  der Seiten zu ermitteln, Verhaltensweisen der Seitennutzung zu  analysieren, aber auch unser Angebot kundenfreundlicher zu gestalten.  Cookies bleiben \u00fcber das Ende einer Browser-Sitzung gespeichert und  k\u00f6nnen bei einem erneuten Seitenbesuch wieder aufgerufen werden. Wenn  Sie das nicht w\u00fcnschen, sollten Sie Ihren Internetbrowser so einstellen,  dass er die Annahme von Cookies verweigert.<br><br><strong>Datenschutzerkl\u00e4rung f\u00fcr Google Analytics<\/strong><br>Unsere  Website verwendet Google Analytics, einen Webanalysedienst von Google  Inc., 1600 Amphitheatre Parkway, Mountain View, CA 94043, USA. Zur  Deaktivierung von Google Analytiscs stellt Google unter  http:\/\/tools.google.com\/dlpage\/gaoptout?hl=de ein Browser-Plug-In zur  Verf\u00fcgung. Google Analytics verwendet Cookies. Das sind kleine  Textdateien, die es m\u00f6glich machen, auf dem Endger\u00e4t des Nutzers  spezifische, auf den Nutzer bezogene Informationen zu speichern. Diese  erm\u00f6glichen eine Analyse der Nutzung unseres Websiteangebotes durch  Google. Die durch den Cookie erfassten Informationen \u00fcber die Nutzung  unserer Seiten (einschlie\u00dflich Ihrer IP-Adresse) werden in der Regel an  einen Server von Google in den USA \u00fcbertragen und dort gespeichert. Wir  weisen darauf hin, dass auf dieser Website Google Analytics um den Code  \u201egat._anonymizeIp();\u201c erweitert wurde, um eine anonymisierte Erfassung  von IP-Adressen (sog. IP-Masking) zu gew\u00e4hrleisten. Ist die  Anonymisierung aktiv, k\u00fcrzt Google IP-Adressen innerhalb von  Mitgliedstaaten der Europ\u00e4ischen Union oder in anderen Vertragsstaaten  des Abkommens \u00fcber den Europ\u00e4ischen Wirtschaftsraum, weswegen keine  R\u00fcckschl\u00fcsse auf Ihre Identit\u00e4t m\u00f6glich sind. Nur in Ausnahmef\u00e4llen wird  die volle IP-Adresse an einen Server von Google in den USA \u00fcbertragen  und dort gek\u00fcrzt. Google beachtet die Datenschutzbestimmungen des  \u201ePrivacy Shield\u201c-Abkommens und ist beim \u201ePrivacy Shield\u201c-Programm des  US-Handelsministeriums registriert und nutzt die gesammelten  Informationen, um die Nutzung unserer Websites auszuwerten, Berichte f\u00fcr  uns diesbez\u00fcglich zu verfassen und andere diesbez\u00fcgliche  Dienstleistungen an uns zu erbringen. Mehr erfahren Sie unter<a href=\"https:\/\/www.google.com\/intl\/de\/analytics\/privacyoverview.html\"> http:\/\/www.google.com\/intl\/de\/analytics\/privacyoverview.html<\/a>.<br><br><strong>Datenschutzerkl\u00e4rung f\u00fcr Google AdSense<\/strong><br>Unsere  Website benutzt Google AdSense, einen Dienst zum Einbinden von  Werbeanzeigen von Google Inc., 1600 Amphitheatre Parkway, Mountain View,  CA 94043, USA. GoogleAdSense verwendet sog. \u201eCookies\u201c, Textdateien, die  auf Ihrem Computer gespeichert werden und die eine Analyse der  Benutzung der Website erm\u00f6glicht. Google AdSense verwendet auch so  genannte Web Beacons (unsichtbare Grafiken). Durch diese Web Beacons  k\u00f6nnen Informationen wie der Besucherverkehr auf diesen Seiten  ausgewertet werden. Die durch Cookies und Web Beacons erzeugten  Informationen \u00fcber die Benutzung dieser Website (einschlie\u00dflich Ihrer  IP-Adresse) und Auslieferung von Werbeformaten werden an einen Server  von Google in den USA \u00fcbertragen und dort gespeichert. Diese  Informationen k\u00f6nnen von Google an Vertragspartner von Google weiter  gegeben werden. Google wird Ihre IP-Adresse jedoch nicht mit anderen von  Ihnen gespeicherten Daten zusammenf\u00fchren. Sie k\u00f6nnen die Installation  der Cookies durch eine entsprechende Einstellung Ihrer Browser Software  verhindern; wir weisen Sie jedoch darauf hin, dass Sie in diesem Fall  gegebenenfalls nicht s\u00e4mtliche Funktionen dieser Website voll umf\u00e4nglich  nutzen k\u00f6nnen. Durch die Nutzung dieser Website erkl\u00e4ren Sie sich mit  der Bearbeitung der \u00fcber Sie erhobenen Daten durch Google in der zuvor  beschriebenen Art und Weise und zu dem zuvor benannten Zweck  einverstanden.<br><br><strong>Datenschutzerkl\u00e4rung f\u00fcr Google +1<\/strong><br>Unsere  Website verwendet Social-Media-Funktionen von Google Inc., 1600  Amphitheatre Parkway, Mountain View, CA 94043, USA. Bei Aufruf unserer  Seiten mit Google-Plug-Ins wird eine Verbindung zwischen Ihrem Browser  und den Servern von Google aufgebaut. Dabei werden bereits Daten an  Google \u00fcbertragen. Besitzen Sie einen Google-Account, k\u00f6nnen diese Daten  damit verkn\u00fcpft werden. Wenn Sie keine Zuordnung dieser Daten zu Ihrem  Google-Account w\u00fcnschen, loggen Sie sich bitte vor dem Besuch unserer  Seite bei Google aus. Interaktionen, insbesondere das Nutzen einer  Kommentarfunktion oder das Anklicken eines \u201e+1\u201c- oder \u201eTeilen\u201c-Buttons  werden ebenfalls an Google weitergegeben. Mehr erfahren Sie unter <a href=\"https:\/\/www.google.de\/intl\/de\/policies\/privacy\">http:\/\/www.google.de\/intl\/de\/policies\/privacy<\/a>.<br><br><strong>Datenschutzerkl\u00e4rung f\u00fcr Facebook<\/strong><br>Unsere  Website verwendet Funktionen von Facebook Inc., 1601 S. California Ave,  Palo Alto, CA 94304, USA . Bei Aufruf unserer Seiten mit  Facebook-Plug-Ins wird eine Verbindung zwischen Ihrem Browser und den  Servern von Facebook aufgebaut. Dabei werden bereits Daten an Facebook  \u00fcbertragen. Besitzen Sie einen Facebook-Account, k\u00f6nnen diese Daten  damit verkn\u00fcpft werden. Wenn Sie keine Zuordnung dieser Daten zu Ihrem  Facebook-Account w\u00fcnschen, loggen Sie sich bitte vor dem Besuch unserer  Seite bei Facebook aus. Interaktionen, insbesondere das Nutzen einer  Kommentarfunktion oder das Anklicken eines \u201eLike\u201c- oder \u201eTeilen\u201c-Buttons  werden ebenfalls an Facebook weitergegeben. <br>Mehr erfahren Sie unter <a href=\"https:\/\/de-de.facebook.com\/about\/privacy\">https:\/\/de-de.facebook.com\/about\/privacy<\/a>.<br>Quelle: <a href=\"https:\/\/www.anwalt.de\/vorlage\/muster-datenschutzerklaerung.php\">Muster-Datenschutzerkl\u00e4rung von anwalt.de<\/a><\/td><\/tr><\/tbody><\/table>\n","protected":false},"excerpt":{"rendered":"<p>Angaben gem\u00e4\u00df \u00a7 5 TMG W\u00e4scherei Schott Inh. Renate Galm Raiffeisenring 23 63931 Kirchzell Telefon: 09373 579 E-Mail: info@waescherei-schott.de Webmaster: Stefan Galm Raiffeisenring 23 63931 Kirchzell Disclaimer Inhalt und Werke dieser Website sind urheberrechtlich gesch\u00fctzt. Trotz h\u00f6chster Sorgfalt kann nicht f\u00fcr die Richtigkeit der wiedergegebenen Informationen oder die permanente technische Erreichbarkeit garantiert werden. Es wird [&hellip;]<\/p>\n","protected":false},"author":1,"featured_media":0,"parent":0,"menu_order":0,"comment_status":"closed","ping_status":"closed","template":"","meta":{"ocean_post_layout":"","ocean_both_sidebars_style":"","ocean_both_sidebars_content_width":0,"ocean_both_sidebars_sidebars_width":0,"ocean_sidebar":"0","ocean_second_sidebar":"0","ocean_disable_margins":"enable","ocean_add_body_class":"","ocean_shortcode_before_top_bar":"","ocean_shortcode_after_top_bar":"","ocean_shortcode_before_header":"","ocean_shortcode_after_header":"","ocean_has_shortcode":"","ocean_shortcode_after_title":"","ocean_shortcode_before_footer_widgets":"","ocean_shortcode_after_footer_widgets":"","ocean_shortcode_before_footer_bottom":"","ocean_shortcode_after_footer_bottom":"","ocean_display_top_bar":"default","ocean_display_header":"default","ocean_header_style":"","ocean_center_header_left_menu":"0","ocean_custom_header_template":"0","ocean_custom_logo":0,"ocean_custom_retina_logo":0,"ocean_custom_logo_max_width":0,"ocean_custom_logo_tablet_max_width":0,"ocean_custom_logo_mobile_max_width":0,"ocean_custom_logo_max_height":0,"ocean_custom_logo_tablet_max_height":0,"ocean_custom_logo_mobile_max_height":0,"ocean_header_custom_menu":"0","ocean_menu_typo_font_family":"0","ocean_menu_typo_font_subset":"","ocean_menu_typo_font_size":0,"ocean_menu_typo_font_size_tablet":0,"ocean_menu_typo_font_size_mobile":0,"ocean_menu_typo_font_size_unit":"px","ocean_menu_typo_font_weight":"","ocean_menu_typo_font_weight_tablet":"","ocean_menu_typo_font_weight_mobile":"","ocean_menu_typo_transform":"","ocean_menu_typo_transform_tablet":"","ocean_menu_typo_transform_mobile":"","ocean_menu_typo_line_height":0,"ocean_menu_typo_line_height_tablet":0,"ocean_menu_typo_line_height_mobile":0,"ocean_menu_typo_line_height_unit":"","ocean_menu_typo_spacing":0,"ocean_menu_typo_spacing_tablet":0,"ocean_menu_typo_spacing_mobile":0,"ocean_menu_typo_spacing_unit":"","ocean_menu_link_color":"","ocean_menu_link_color_hover":"","ocean_menu_link_color_active":"","ocean_menu_link_background":"","ocean_menu_link_hover_background":"","ocean_menu_link_active_background":"","ocean_menu_social_links_bg":"","ocean_menu_social_hover_links_bg":"","ocean_menu_social_links_color":"","ocean_menu_social_hover_links_color":"","ocean_disable_title":"default","ocean_disable_heading":"default","ocean_post_title":"","ocean_post_subheading":"","ocean_post_title_style":"","ocean_post_title_background_color":"","ocean_post_title_background":0,"ocean_post_title_bg_image_position":"","ocean_post_title_bg_image_attachment":"","ocean_post_title_bg_image_repeat":"","ocean_post_title_bg_image_size":"","ocean_post_title_height":0,"ocean_post_title_bg_overlay":0.5,"ocean_post_title_bg_overlay_color":"","ocean_disable_breadcrumbs":"default","ocean_breadcrumbs_color":"","ocean_breadcrumbs_separator_color":"","ocean_breadcrumbs_links_color":"","ocean_breadcrumbs_links_hover_color":"","ocean_display_footer_widgets":"default","ocean_display_footer_bottom":"default","ocean_custom_footer_template":"0","footnotes":""},"yoast_head":"<!-- This site is optimized with the Yoast SEO plugin v15.5 - https:\/\/yoast.com\/wordpress\/plugins\/seo\/ -->\n<title>Impressum - W\u00e4scherei Mietservice Schott<\/title>\n<meta name=\"robots\" content=\"index, follow, max-snippet:-1, max-image-preview:large, max-video-preview:-1\" \/>\n<link rel=\"canonical\" href=\"https:\/\/w\u00e4scherei-schott.de\/?page_id=190\" \/>\n<meta property=\"og:locale\" content=\"de_DE\" \/>\n<meta property=\"og:type\" content=\"article\" \/>\n<meta property=\"og:title\" content=\"Impressum - W\u00e4scherei Mietservice Schott\" \/>\n<meta property=\"og:description\" content=\"Angaben gem\u00e4\u00df \u00a7 5 TMG W\u00e4scherei Schott Inh. Renate Galm Raiffeisenring 23 63931 Kirchzell Telefon: 09373 579 E-Mail: info@waescherei-schott.de Webmaster: Stefan Galm Raiffeisenring 23 63931 Kirchzell Disclaimer Inhalt und Werke dieser Website sind urheberrechtlich gesch\u00fctzt. Trotz h\u00f6chster Sorgfalt kann nicht f\u00fcr die Richtigkeit der wiedergegebenen Informationen oder die permanente technische Erreichbarkeit garantiert werden. Es wird [&hellip;]\" \/>\n<meta property=\"og:url\" content=\"https:\/\/w\u00e4scherei-schott.de\/?page_id=190\" \/>\n<meta property=\"og:site_name\" content=\"W\u00e4scherei Mietservice Schott\" \/>\n<meta property=\"article:publisher\" content=\"https:\/\/www.facebook.com\/W%c3%a4scherei-Mietw%c3%a4sche-Schott-Kirchzell-1183679614992380\/?eid=ARDKC3BjA1UJXgy-Be3yK-xJ6AsNU00Xpx-1EPZ2bCaHeu8Zc5SdvQf5Tk6m7f7CR8vDh95jc0yRqDrW\" \/>\n<meta property=\"article:modified_time\" content=\"2019-03-17T17:40:03+00:00\" \/>\n<meta name=\"twitter:card\" content=\"summary_large_image\" \/>\n<meta name=\"twitter:label1\" content=\"Gesch\u00e4tzte Lesezeit\">\n\t<meta name=\"twitter:data1\" content=\"4\u00a0Minuten\">\n<script type=\"application\/ld+json\" class=\"yoast-schema-graph\">{\"@context\":\"https:\/\/schema.org\",\"@graph\":[{\"@type\":\"Organization\",\"@id\":\"https:\/\/w\\u00e4scherei-schott.de\/#organization\",\"name\":\"W\\u00e4scherei Mietservice Schott\",\"url\":\"https:\/\/w\\u00e4scherei-schott.de\/\",\"sameAs\":[\"https:\/\/www.facebook.com\/W\\u00e4scherei-Mietw\\u00e4sche-Schott-Kirchzell-1183679614992380\/?eid=ARDKC3BjA1UJXgy-Be3yK-xJ6AsNU00Xpx-1EPZ2bCaHeu8Zc5SdvQf5Tk6m7f7CR8vDh95jc0yRqDrW\",\"https:\/\/www.instagram.com\/waeschereimietserviceschott\/\"],\"logo\":{\"@type\":\"ImageObject\",\"@id\":\"https:\/\/w\\u00e4scherei-schott.de\/#logo\",\"inLanguage\":\"de\",\"url\":\"https:\/\/w\\u00e4scherei-schott.de\/wp-content\/uploads\/2019\/10\/logo-quADRAT.jpg\",\"width\":542,\"height\":514,\"caption\":\"W\\u00e4scherei Mietservice Schott\"},\"image\":{\"@id\":\"https:\/\/w\\u00e4scherei-schott.de\/#logo\"}},{\"@type\":\"WebSite\",\"@id\":\"https:\/\/w\\u00e4scherei-schott.de\/#website\",\"url\":\"https:\/\/w\\u00e4scherei-schott.de\/\",\"name\":\"W\\u00e4scherei Mietservice Schott\",\"description\":\"... der Tipp f\\u00fcr beste Qualit\\u00e4t\",\"publisher\":{\"@id\":\"https:\/\/w\\u00e4scherei-schott.de\/#organization\"},\"potentialAction\":[{\"@type\":\"SearchAction\",\"target\":\"https:\/\/w\\u00e4scherei-schott.de\/?s={search_term_string}\",\"query-input\":\"required name=search_term_string\"}],\"inLanguage\":\"de\"},{\"@type\":\"WebPage\",\"@id\":\"https:\/\/w\\u00e4scherei-schott.de\/?page_id=190#webpage\",\"url\":\"https:\/\/w\\u00e4scherei-schott.de\/?page_id=190\",\"name\":\"Impressum - W\\u00e4scherei Mietservice Schott\",\"isPartOf\":{\"@id\":\"https:\/\/w\\u00e4scherei-schott.de\/#website\"},\"datePublished\":\"2019-03-17T17:30:19+00:00\",\"dateModified\":\"2019-03-17T17:40:03+00:00\",\"inLanguage\":\"de\",\"potentialAction\":[{\"@type\":\"ReadAction\",\"target\":[\"https:\/\/w\\u00e4scherei-schott.de\/?page_id=190\"]}]}]}<\/script>\n<!-- \/ Yoast SEO plugin. -->","_links":{"self":[{"href":"https:\/\/w\u00e4scherei-schott.de\/index.php?rest_route=\/wp\/v2\/pages\/190"}],"collection":[{"href":"https:\/\/w\u00e4scherei-schott.de\/index.php?rest_route=\/wp\/v2\/pages"}],"about":[{"href":"https:\/\/w\u00e4scherei-schott.de\/index.php?rest_route=\/wp\/v2\/types\/page"}],"author":[{"embeddable":true,"href":"https:\/\/w\u00e4scherei-schott.de\/index.php?rest_route=\/wp\/v2\/users\/1"}],"replies":[{"embeddable":true,"href":"https:\/\/w\u00e4scherei-schott.de\/index.php?rest_route=%2Fwp%2Fv2%2Fcomments&post=190"}],"version-history":[{"count":2,"href":"https:\/\/w\u00e4scherei-schott.de\/index.php?rest_route=\/wp\/v2\/pages\/190\/revisions"}],"predecessor-version":[{"id":194,"href":"https:\/\/w\u00e4scherei-schott.de\/index.php?rest_route=\/wp\/v2\/pages\/190\/revisions\/194"}],"wp:attachment":[{"href":"https:\/\/w\u00e4scherei-schott.de\/index.php?rest_route=%2Fwp%2Fv2%2Fmedia&parent=190"}],"curies":[{"name":"wp","href":"https:\/\/api.w.org\/{rel}","templated":true}]}}